{"id":237,"date":"2024-04-08T17:05:42","date_gmt":"2024-04-08T16:05:42","guid":{"rendered":"https:\/\/ceteras.de\/webpraesenz\/?page_id=237"},"modified":"2024-04-08T17:05:42","modified_gmt":"2024-04-08T16:05:42","slug":"impressum","status":"publish","type":"page","link":"https:\/\/ceteras.de\/webpraesenz\/impressum\/","title":{"rendered":"Impressum"},"content":{"rendered":"<h1>Impressum<\/h1>\n<p>Dorina Ceteras<br \/>\nCeteras Webapps<br \/>\nGilgaustr. 79<br \/>\n51149 K\u00f6ln<\/p>\n<h2>Kontakt<\/h2>\n<p>Telefon: 022038090014<br \/>\nE-Mail: info@ceteras.de<\/p>\n<h2>Umsatzsteuer-ID<\/h2>\n<p>Umsatzsteuer-Identifikationsnummer gem\u00e4\u00df \u00a7 27 a Umsatzsteuergesetz:<br \/>\nDE343505754<\/p>\n<h2>Angaben zur Berufs\u00adhaftpflicht\u00adversicherung<\/h2>\n<p><strong>Name und Sitz des Versicherers:<\/strong><br \/>\nHiscox SA<br \/>\nNiederlassung f\u00fcr Deutschland<br \/>\nArnulfstra\u00dfe 31<br \/>\n80636 M\u00fcnchen<br \/>\nT+49 (0)89 545801 700<\/p>\n<h2>Redaktionell verantwortlich<\/h2>\n<p>ing. Dorina Ceteras<br \/>\nGilgaustr. 79<br \/>\n51149 K\u00f6ln<\/p>\n<h2>Verbraucher\u00adstreit\u00adbeilegung\/Universal\u00adschlichtungs\u00adstelle<\/h2>\n<p>Wir sind nicht bereit oder verpflichtet, an Streitbeilegungsverfahren vor einer Verbraucherschlichtungsstelle teilzunehmen.<\/p>\n","protected":false},"excerpt":{"rendered":"<p>Impressum Dorina Ceteras Ceteras Webapps Gilgaustr. 79 51149 K\u00f6ln Kontakt Telefon: 022038090014 E-Mail: info@ceteras.de Umsatzsteuer-ID Umsatzsteuer-Identifikationsnummer gem\u00e4\u00df \u00a7 27 a Umsatzsteuergesetz: DE343505754 Angaben zur Berufs\u00adhaftpflicht\u00adversicherung Name und Sitz des Versicherers: Hiscox SA Niederlassung f\u00fcr Deutschland Arnulfstra\u00dfe 31 80636 M\u00fcnchen T+49 (0)89 545801 700 Redaktionell verantwortlich ing. Dorina Ceteras Gilgaustr. 79 51149 K\u00f6ln Verbraucher\u00adstreit\u00adbeilegung\/Universal\u00adschlichtungs\u00adstelle Wir sind&hellip; <a class=\"more-link\" href=\"https:\/\/ceteras.de\/webpraesenz\/impressum\/\"><span class=\"screen-reader-text\">Impressum<\/span> weiterlesen<\/a><\/p>\n","protected":false},"author":1,"featured_media":0,"parent":0,"menu_order":0,"comment_status":"closed","ping_status":"closed","template":"","meta":{"om_disable_all_campaigns":false,"footnotes":""},"class_list":["post-237","page","type-page","status-publish","hentry","entry"],"yoast_head":"<!-- This site is optimized with the Yoast SEO plugin v25.4 - https:\/\/yoast.com\/wordpress\/plugins\/seo\/ -->\n<title>Impressum - Ein Angebot des Unternehmens Ceteras Webapps<\/title>\n<meta name=\"description\" content=\"Impressum -\" \/>\n<meta name=\"robots\" content=\"index, follow, max-snippet:-1, max-image-preview:large, max-video-preview:-1\" \/>\n<link rel=\"canonical\" href=\"https:\/\/ceteras.de\/webpraesenz\/impressum\/\" \/>\n<meta property=\"og:locale\" content=\"de_DE\" \/>\n<meta property=\"og:type\" content=\"article\" \/>\n<meta property=\"og:title\" content=\"Impressum - Ein Angebot des Unternehmens Ceteras Webapps\" \/>\n<meta property=\"og:description\" content=\"Impressum -\" \/>\n<meta property=\"og:url\" content=\"https:\/\/ceteras.de\/webpraesenz\/impressum\/\" \/>\n<meta property=\"og:site_name\" content=\"Ein Angebot des Unternehmens Ceteras Webapps\" \/>\n<meta property=\"og:image\" content=\"https:\/\/ceteras.de\/webpraesenz\/wp-content\/uploads\/2024\/04\/banner-vertical-firmenwebseiten-e1712440026104.png\" \/>\n\t<meta property=\"og:image:width\" content=\"1334\" \/>\n\t<meta property=\"og:image:height\" content=\"720\" \/>\n\t<meta property=\"og:image:type\" content=\"image\/png\" \/>\n<meta name=\"twitter:card\" content=\"summary_large_image\" \/>\n<meta name=\"twitter:site\" content=\"@ceterasweb\" \/>\n<meta name=\"twitter:label1\" content=\"Gesch\u00e4tzte Lesezeit\" \/>\n\t<meta name=\"twitter:data1\" content=\"1\u00a0Minute\" \/>\n<script type=\"application\/ld+json\" class=\"yoast-schema-graph\">{\"@context\":\"https:\/\/schema.org\",\"@graph\":[{\"@type\":\"TechArticle\",\"@id\":\"https:\/\/ceteras.de\/webpraesenz\/impressum\/#article\",\"isPartOf\":{\"@id\":\"https:\/\/ceteras.de\/webpraesenz\/impressum\/\"},\"author\":{\"name\":\"admin\",\"@id\":\"https:\/\/ceteras.de\/webpraesenz\/#\/schema\/person\/dc42ee7585d5e979a7e50d0ae07051b1\"},\"headline\":\"Impressum\",\"datePublished\":\"2024-04-08T16:05:42+00:00\",\"mainEntityOfPage\":{\"@id\":\"https:\/\/ceteras.de\/webpraesenz\/impressum\/\"},\"wordCount\":68,\"publisher\":{\"@id\":\"https:\/\/ceteras.de\/webpraesenz\/#organization\"},\"inLanguage\":\"de\"},{\"@type\":\"WebPage\",\"@id\":\"https:\/\/ceteras.de\/webpraesenz\/impressum\/\",\"url\":\"https:\/\/ceteras.de\/webpraesenz\/impressum\/\",\"name\":\"Impressum - Ein Angebot des Unternehmens Ceteras Webapps\",\"isPartOf\":{\"@id\":\"https:\/\/ceteras.de\/webpraesenz\/#website\"},\"datePublished\":\"2024-04-08T16:05:42+00:00\",\"description\":\"Impressum -\",\"breadcrumb\":{\"@id\":\"https:\/\/ceteras.de\/webpraesenz\/impressum\/#breadcrumb\"},\"inLanguage\":\"de\",\"potentialAction\":[{\"@type\":\"ReadAction\",\"target\":[\"https:\/\/ceteras.de\/webpraesenz\/impressum\/\"]}]},{\"@type\":\"BreadcrumbList\",\"@id\":\"https:\/\/ceteras.de\/webpraesenz\/impressum\/#breadcrumb\",\"itemListElement\":[{\"@type\":\"ListItem\",\"position\":1,\"name\":\"Startseite\",\"item\":\"https:\/\/ceteras.de\/webpraesenz\/\"},{\"@type\":\"ListItem\",\"position\":2,\"name\":\"Impressum\"}]},{\"@type\":\"WebSite\",\"@id\":\"https:\/\/ceteras.de\/webpraesenz\/#website\",\"url\":\"https:\/\/ceteras.de\/webpraesenz\/\",\"name\":\"ceteras.de\",\"description\":\"Webpr\u00e4senz Tools und Service\",\"publisher\":{\"@id\":\"https:\/\/ceteras.de\/webpraesenz\/#organization\"},\"alternateName\":\"Ein Angebot des Unternehmens Ceteras Webapps\",\"potentialAction\":[{\"@type\":\"SearchAction\",\"target\":{\"@type\":\"EntryPoint\",\"urlTemplate\":\"https:\/\/ceteras.de\/webpraesenz\/?s={search_term_string}\"},\"query-input\":{\"@type\":\"PropertyValueSpecification\",\"valueRequired\":true,\"valueName\":\"search_term_string\"}}],\"inLanguage\":\"de\"},{\"@type\":\"Organization\",\"@id\":\"https:\/\/ceteras.de\/webpraesenz\/#organization\",\"name\":\"Ceteras Webapps\",\"url\":\"https:\/\/ceteras.de\/webpraesenz\/\",\"logo\":{\"@type\":\"ImageObject\",\"inLanguage\":\"de\",\"@id\":\"https:\/\/ceteras.de\/webpraesenz\/#\/schema\/logo\/image\/\",\"url\":\"https:\/\/ceteras.de\/webpraesenz\/wp-content\/uploads\/2021\/03\/cropped-CeterasWebapps-1.png\",\"contentUrl\":\"https:\/\/ceteras.de\/webpraesenz\/wp-content\/uploads\/2021\/03\/cropped-CeterasWebapps-1.png\",\"width\":104,\"height\":105,\"caption\":\"Ceteras Webapps\"},\"image\":{\"@id\":\"https:\/\/ceteras.de\/webpraesenz\/#\/schema\/logo\/image\/\"},\"sameAs\":[\"https:\/\/x.com\/ceterasweb\",\"https:\/\/www.linkedin.com\/in\/dorina-ceteras-2021\/\"]},{\"@type\":\"Person\",\"@id\":\"https:\/\/ceteras.de\/webpraesenz\/#\/schema\/person\/dc42ee7585d5e979a7e50d0ae07051b1\",\"name\":\"admin\",\"image\":{\"@type\":\"ImageObject\",\"inLanguage\":\"de\",\"@id\":\"https:\/\/ceteras.de\/webpraesenz\/#\/schema\/person\/image\/\",\"url\":\"https:\/\/secure.gravatar.com\/avatar\/18c6df05688111c54e7eb3c3fea5639a652d90624c60077701c96f5fcd445fc0?s=96&d=mm&r=g\",\"contentUrl\":\"https:\/\/secure.gravatar.com\/avatar\/18c6df05688111c54e7eb3c3fea5639a652d90624c60077701c96f5fcd445fc0?s=96&d=mm&r=g\",\"caption\":\"admin\"},\"sameAs\":[\"https:\/\/ceteras.de\/webpraesenz\"]}]}<\/script>\n<!-- \/ Yoast SEO plugin. -->","yoast_head_json":{"title":"Impressum - Ein Angebot des Unternehmens Ceteras Webapps","description":"Impressum -","robots":{"index":"index","follow":"follow","max-snippet":"max-snippet:-1","max-image-preview":"max-image-preview:large","max-video-preview":"max-video-preview:-1"},"canonical":"https:\/\/ceteras.de\/webpraesenz\/impressum\/","og_locale":"de_DE","og_type":"article","og_title":"Impressum - Ein Angebot des Unternehmens Ceteras Webapps","og_description":"Impressum -","og_url":"https:\/\/ceteras.de\/webpraesenz\/impressum\/","og_site_name":"Ein Angebot des Unternehmens Ceteras Webapps","og_image":[{"width":1334,"height":720,"url":"https:\/\/ceteras.de\/webpraesenz\/wp-content\/uploads\/2024\/04\/banner-vertical-firmenwebseiten-e1712440026104.png","type":"image\/png"}],"twitter_card":"summary_large_image","twitter_site":"@ceterasweb","twitter_misc":{"Gesch\u00e4tzte Lesezeit":"1\u00a0Minute"},"schema":{"@context":"https:\/\/schema.org","@graph":[{"@type":"TechArticle","@id":"https:\/\/ceteras.de\/webpraesenz\/impressum\/#article","isPartOf":{"@id":"https:\/\/ceteras.de\/webpraesenz\/impressum\/"},"author":{"name":"admin","@id":"https:\/\/ceteras.de\/webpraesenz\/#\/schema\/person\/dc42ee7585d5e979a7e50d0ae07051b1"},"headline":"Impressum","datePublished":"2024-04-08T16:05:42+00:00","mainEntityOfPage":{"@id":"https:\/\/ceteras.de\/webpraesenz\/impressum\/"},"wordCount":68,"publisher":{"@id":"https:\/\/ceteras.de\/webpraesenz\/#organization"},"inLanguage":"de"},{"@type":"WebPage","@id":"https:\/\/ceteras.de\/webpraesenz\/impressum\/","url":"https:\/\/ceteras.de\/webpraesenz\/impressum\/","name":"Impressum - Ein Angebot des Unternehmens Ceteras Webapps","isPartOf":{"@id":"https:\/\/ceteras.de\/webpraesenz\/#website"},"datePublished":"2024-04-08T16:05:42+00:00","description":"Impressum -","breadcrumb":{"@id":"https:\/\/ceteras.de\/webpraesenz\/impressum\/#breadcrumb"},"inLanguage":"de","potentialAction":[{"@type":"ReadAction","target":["https:\/\/ceteras.de\/webpraesenz\/impressum\/"]}]},{"@type":"BreadcrumbList","@id":"https:\/\/ceteras.de\/webpraesenz\/impressum\/#breadcrumb","itemListElement":[{"@type":"ListItem","position":1,"name":"Startseite","item":"https:\/\/ceteras.de\/webpraesenz\/"},{"@type":"ListItem","position":2,"name":"Impressum"}]},{"@type":"WebSite","@id":"https:\/\/ceteras.de\/webpraesenz\/#website","url":"https:\/\/ceteras.de\/webpraesenz\/","name":"ceteras.de","description":"Webpr\u00e4senz Tools und Service","publisher":{"@id":"https:\/\/ceteras.de\/webpraesenz\/#organization"},"alternateName":"Ein Angebot des Unternehmens Ceteras Webapps","potentialAction":[{"@type":"SearchAction","target":{"@type":"EntryPoint","urlTemplate":"https:\/\/ceteras.de\/webpraesenz\/?s={search_term_string}"},"query-input":{"@type":"PropertyValueSpecification","valueRequired":true,"valueName":"search_term_string"}}],"inLanguage":"de"},{"@type":"Organization","@id":"https:\/\/ceteras.de\/webpraesenz\/#organization","name":"Ceteras Webapps","url":"https:\/\/ceteras.de\/webpraesenz\/","logo":{"@type":"ImageObject","inLanguage":"de","@id":"https:\/\/ceteras.de\/webpraesenz\/#\/schema\/logo\/image\/","url":"https:\/\/ceteras.de\/webpraesenz\/wp-content\/uploads\/2021\/03\/cropped-CeterasWebapps-1.png","contentUrl":"https:\/\/ceteras.de\/webpraesenz\/wp-content\/uploads\/2021\/03\/cropped-CeterasWebapps-1.png","width":104,"height":105,"caption":"Ceteras Webapps"},"image":{"@id":"https:\/\/ceteras.de\/webpraesenz\/#\/schema\/logo\/image\/"},"sameAs":["https:\/\/x.com\/ceterasweb","https:\/\/www.linkedin.com\/in\/dorina-ceteras-2021\/"]},{"@type":"Person","@id":"https:\/\/ceteras.de\/webpraesenz\/#\/schema\/person\/dc42ee7585d5e979a7e50d0ae07051b1","name":"admin","image":{"@type":"ImageObject","inLanguage":"de","@id":"https:\/\/ceteras.de\/webpraesenz\/#\/schema\/person\/image\/","url":"https:\/\/secure.gravatar.com\/avatar\/18c6df05688111c54e7eb3c3fea5639a652d90624c60077701c96f5fcd445fc0?s=96&d=mm&r=g","contentUrl":"https:\/\/secure.gravatar.com\/avatar\/18c6df05688111c54e7eb3c3fea5639a652d90624c60077701c96f5fcd445fc0?s=96&d=mm&r=g","caption":"admin"},"sameAs":["https:\/\/ceteras.de\/webpraesenz"]}]}},"_links":{"self":[{"href":"https:\/\/ceteras.de\/webpraesenz\/wp-json\/wp\/v2\/pages\/237","targetHints":{"allow":["GET"]}}],"collection":[{"href":"https:\/\/ceteras.de\/webpraesenz\/wp-json\/wp\/v2\/pages"}],"about":[{"href":"https:\/\/ceteras.de\/webpraesenz\/wp-json\/wp\/v2\/types\/page"}],"author":[{"embeddable":true,"href":"https:\/\/ceteras.de\/webpraesenz\/wp-json\/wp\/v2\/users\/1"}],"replies":[{"embeddable":true,"href":"https:\/\/ceteras.de\/webpraesenz\/wp-json\/wp\/v2\/comments?post=237"}],"version-history":[{"count":2,"href":"https:\/\/ceteras.de\/webpraesenz\/wp-json\/wp\/v2\/pages\/237\/revisions"}],"predecessor-version":[{"id":239,"href":"https:\/\/ceteras.de\/webpraesenz\/wp-json\/wp\/v2\/pages\/237\/revisions\/239"}],"wp:attachment":[{"href":"https:\/\/ceteras.de\/webpraesenz\/wp-json\/wp\/v2\/media?parent=237"}],"curies":[{"name":"wp","href":"https:\/\/api.w.org\/{rel}","templated":true}]}}